{"id":1913,"date":"2023-05-16T22:02:32","date_gmt":"2023-05-17T01:02:32","guid":{"rendered":"https:\/\/rederiohoteis.com\/ninos-gratis\/"},"modified":"2023-05-19T17:08:05","modified_gmt":"2023-05-19T20:08:05","slug":"ninos-gratis","status":"publish","type":"page","link":"https:\/\/rederiohoteis.com\/es\/ninos-gratis\/","title":{"rendered":"Ni\u00f1os Gratis"},"content":{"rendered":"\t\t<div data-elementor-type=\"wp-page\" data-elementor-id=\"1913\" class=\"elementor elementor-1913 elementor-1084\" data-elementor-post-type=\"page\">\n\t\t\t\t<div class=\"elementor-element elementor-element-5271f59 e-flex e-con-boxed e-con e-parent\" data-id=\"5271f59\" data-element_type=\"container\" data-settings=\"{&quot;background_background&quot;:&quot;classic&quot;}\">\n\t\t\t\t\t<div class=\"e-con-inner\">\n\t\t\t\t<div class=\"elementor-element elementor-element-790065b elementor-widget elementor-widget-heading\" data-id=\"790065b\" data-element_type=\"widget\" data-widget_type=\"heading.default\">\n\t\t\t\t\t<h1 class=\"elementor-heading-title elementor-size-default\">Ni\u00f1os Gratis<\/h1>\t\t\t\t<\/div>\n\t\t\t\t<div class=\"elementor-element elementor-element-1336947 elementor-widget-divider--view-line elementor-widget elementor-widget-divider\" data-id=\"1336947\" data-element_type=\"widget\" data-widget_type=\"divider.default\">\n\t\t\t\t\t\t\t<div class=\"elementor-divider\">\n\t\t\t<span class=\"elementor-divider-separator\">\n\t\t\t\t\t\t<\/span>\n\t\t<\/div>\n\t\t\t\t\t\t<\/div>\n\t\t\t\t\t<\/div>\n\t\t\t\t<\/div>\n\t\t<div class=\"elementor-element elementor-element-ffc242d e-flex e-con-boxed e-con e-parent\" data-id=\"ffc242d\" data-element_type=\"container\">\n\t\t\t\t\t<div class=\"e-con-inner\">\n\t\t\t\t<div class=\"elementor-element elementor-element-0163dd7 elementor-widget elementor-widget-heading\" data-id=\"0163dd7\" data-element_type=\"widget\" data-widget_type=\"heading.default\">\n\t\t\t\t\t<h3 class=\"elementor-heading-title elementor-size-default\">Ni\u00f1os Gratis \u2013 No Rembolsable<\/h3>\t\t\t\t<\/div>\n\t\t\t\t<div class=\"elementor-element elementor-element-fbe9ddb elementor-widget elementor-widget-text-editor\" data-id=\"fbe9ddb\" data-element_type=\"widget\" data-widget_type=\"text-editor.default\">\n\t\t\t\t\t\t\t\t\t<p>Ni\u00f1os hasta 6 a\u00f1os corre por nuestra cuenta! Ellos pueden quedar en la habitaci\u00f3n de los padres gratuitamente.<\/p>\n\t\t\t\t\t\t\t\t<\/div>\n\t\t\t\t<div class=\"elementor-element elementor-element-71d498f elementor-widget elementor-widget-heading\" data-id=\"71d498f\" data-element_type=\"widget\" data-widget_type=\"heading.default\">\n\t\t\t\t\t<h3 class=\"elementor-heading-title elementor-size-default\">Reservas:<\/h3>\t\t\t\t<\/div>\n\t\t\t\t<div class=\"elementor-element elementor-element-ca83f8d elementor-widget elementor-widget-text-editor\" data-id=\"ca83f8d\" data-element_type=\"widget\" data-widget_type=\"text-editor.default\">\n\t\t\t\t\t\t\t\t\t<p>S\u00f3lo v\u00e1lido a trav\u00e9s de nuestra Central de Reservas, por correo electr\u00f3nico al <a href=\"mailto:reservas@rederiohoteis.com\">reservas@rederiohoteis.com<\/a> o por el tel\u00e9fono <a href=\"tel:+552132318031\">+55 (21) 3231-8031<\/a>.<\/p>\t\t\t\t\t\t\t\t<\/div>\n\t\t\t\t<div class=\"elementor-element elementor-element-973bad4 elementor-widget elementor-widget-heading\" data-id=\"973bad4\" data-element_type=\"widget\" data-widget_type=\"heading.default\">\n\t\t\t\t\t<h3 class=\"elementor-heading-title elementor-size-default\">Condiciones:<\/h3>\t\t\t\t<\/div>\n\t\t\t\t<div class=\"elementor-element elementor-element-abc5c7b elementor-widget elementor-widget-text-editor\" data-id=\"abc5c7b\" data-element_type=\"widget\" data-widget_type=\"text-editor.default\">\n\t\t\t\t\t\t\t\t\t<ul><li>No acumulable a otras ofertas y promociones;<\/li><li>Sujeto a disponibilidad;<\/li><li>El pago total en el momento de efectuar la reserva;<\/li><li>No reembolsable;<\/li><li>Ni\u00f1os hasta 6 a\u00f1os son gratuitos, siempre que acomodados en la misma cama que los padres.<\/li><li>En caso de necesidad de acomodaciones extras (tales com cuna, cama extra o sof\u00e1 cama), el hotel deber\u00e1 ser consultado por su disponibolidad y tarifa aplicada.<\/li><li>No es v\u00e1lido para eventos o fechas especiales.<\/li><\/ul><p>* De acuerdo com el Art\u00edculos 82 del Estatuto da Crian\u00e7a e Adolescente (ley n\u00ba 8.069, de 13 de junio de 1990), es definido como crimen, el hospedaje de ni\u00f1o o adolescente en hotel, motel, posada, pensi\u00f3n o establecimiento similar, salvo si autorizado o acompa\u00f1ado por ambos padres o responsables\u00a0 con la documentaci\u00f3n oportuna. Autorizaci\u00f3n o acompa\u00f1amiento de apenas uno de los responsables no caracteriza el cumplimiento de la ley.<\/p>\t\t\t\t\t\t\t\t<\/div>\n\t\t\t\t<div class=\"elementor-element elementor-element-bcb8d99 elementor-widget elementor-widget-heading\" data-id=\"bcb8d99\" data-element_type=\"widget\" data-widget_type=\"heading.default\">\n\t\t\t\t\t<h3 class=\"elementor-heading-title elementor-size-default\">S\u00f3lo Es V\u00e1lido Para Las Unidades:<\/h3>\t\t\t\t<\/div>\n\t\t\t\t<div class=\"elementor-element elementor-element-5d49b15 elementor-widget elementor-widget-text-editor\" data-id=\"5d49b15\" data-element_type=\"widget\" data-widget_type=\"text-editor.default\">\n\t\t\t\t\t\t\t\t\t<p>Arosa, Gamboa y Pompeu.<\/p>\t\t\t\t\t\t\t\t<\/div>\n\t\t\t\t\t<\/div>\n\t\t\t\t<\/div>\n\t\t\t\t<\/div>\n\t\t","protected":false},"excerpt":{"rendered":"<p>Ni\u00f1os Gratis \u2013 No Rembolsable Ni\u00f1os hasta 6 a\u00f1os corre por nuestra cuenta! Ellos pueden quedar en la habitaci\u00f3n de los padres gratuitamente. Reservas: S\u00f3lo v\u00e1lido a trav\u00e9s de nuestra Central de Reservas, por correo electr\u00f3nico al reservas@rederiohoteis.com o por el tel\u00e9fono +55 (21) 3231-8031. Condiciones: No acumulable a otras ofertas y promociones; Sujeto a [&hellip;]<\/p>\n","protected":false},"author":2,"featured_media":0,"parent":0,"menu_order":20,"comment_status":"closed","ping_status":"closed","template":"","meta":{"footnotes":""},"class_list":["post-1913","page","type-page","status-publish","hentry"],"blocksy_meta":{"vertical_spacing_source":"custom","content_area_spacing":"none","styles_descriptor":{"styles":{"desktop":"","tablet":"","mobile":""},"google_fonts":[],"version":6}},"_links":{"self":[{"href":"https:\/\/rederiohoteis.com\/es\/wp-json\/wp\/v2\/pages\/1913","targetHints":{"allow":["GET"]}}],"collection":[{"href":"https:\/\/rederiohoteis.com\/es\/wp-json\/wp\/v2\/pages"}],"about":[{"href":"https:\/\/rederiohoteis.com\/es\/wp-json\/wp\/v2\/types\/page"}],"author":[{"embeddable":true,"href":"https:\/\/rederiohoteis.com\/es\/wp-json\/wp\/v2\/users\/2"}],"replies":[{"embeddable":true,"href":"https:\/\/rederiohoteis.com\/es\/wp-json\/wp\/v2\/comments?post=1913"}],"version-history":[{"count":0,"href":"https:\/\/rederiohoteis.com\/es\/wp-json\/wp\/v2\/pages\/1913\/revisions"}],"wp:attachment":[{"href":"https:\/\/rederiohoteis.com\/es\/wp-json\/wp\/v2\/media?parent=1913"}],"curies":[{"name":"wp","href":"https:\/\/api.w.org\/{rel}","templated":true}]}}