{"id":1905,"date":"2023-05-16T22:05:17","date_gmt":"2023-05-17T01:05:17","guid":{"rendered":"https:\/\/rederiohoteis.com\/edad-de-oro\/"},"modified":"2023-05-19T16:58:38","modified_gmt":"2023-05-19T19:58:38","slug":"edad-de-oro","status":"publish","type":"page","link":"https:\/\/rederiohoteis.com\/es\/edad-de-oro\/","title":{"rendered":"Edad de Oro"},"content":{"rendered":"\t\t<div data-elementor-type=\"wp-page\" data-elementor-id=\"1905\" class=\"elementor elementor-1905 elementor-1090\" data-elementor-post-type=\"page\">\n\t\t\t\t<div class=\"elementor-element elementor-element-963ace1 e-flex e-con-boxed e-con e-parent\" data-id=\"963ace1\" data-element_type=\"container\" data-settings=\"{&quot;background_background&quot;:&quot;classic&quot;}\">\n\t\t\t\t\t<div class=\"e-con-inner\">\n\t\t\t\t<div class=\"elementor-element elementor-element-f4fb0a1 elementor-widget elementor-widget-heading\" data-id=\"f4fb0a1\" data-element_type=\"widget\" data-widget_type=\"heading.default\">\n\t\t\t\t\t<h1 class=\"elementor-heading-title elementor-size-default\">Edad de Oro<\/h1>\t\t\t\t<\/div>\n\t\t\t\t<div class=\"elementor-element elementor-element-2763948 elementor-widget-divider--view-line elementor-widget elementor-widget-divider\" data-id=\"2763948\" data-element_type=\"widget\" data-widget_type=\"divider.default\">\n\t\t\t\t\t\t\t<div class=\"elementor-divider\">\n\t\t\t<span class=\"elementor-divider-separator\">\n\t\t\t\t\t\t<\/span>\n\t\t<\/div>\n\t\t\t\t\t\t<\/div>\n\t\t\t\t\t<\/div>\n\t\t\t\t<\/div>\n\t\t<div class=\"elementor-element elementor-element-ffc242d e-flex e-con-boxed e-con e-parent\" data-id=\"ffc242d\" data-element_type=\"container\">\n\t\t\t\t\t<div class=\"e-con-inner\">\n\t\t\t\t<div class=\"elementor-element elementor-element-fbe9ddb elementor-widget elementor-widget-text-editor\" data-id=\"fbe9ddb\" data-element_type=\"widget\" data-widget_type=\"text-editor.default\">\n\t\t\t\t\t\t\t\t\t<p>Aproveche la mejor edad para visitar la Ciudad Maravillosa. Si tiene m\u00e1s de 60 a\u00f1os aproveche esta promoci\u00f3n. Nuestros hoteles quedan en el centro de Rio, pr\u00f3ximo a los principales puntos tur\u00edsticos de la ciudad y est\u00e1n prontos para recibirlos. Disfrutes de nuestras instalaciones con confort y seguridad por tan s\u00f3lo R$112,00<\/p>\t\t\t\t\t\t\t\t<\/div>\n\t\t\t\t<div class=\"elementor-element elementor-element-71d498f elementor-widget elementor-widget-heading\" data-id=\"71d498f\" data-element_type=\"widget\" data-widget_type=\"heading.default\">\n\t\t\t\t\t<h3 class=\"elementor-heading-title elementor-size-default\">Consulte Nuestros Packs Para La Edad De Oro:<\/h3>\t\t\t\t<\/div>\n\t\t\t\t<div class=\"elementor-element elementor-element-52be11c elementor-widget elementor-widget-text-editor\" data-id=\"52be11c\" data-element_type=\"widget\" data-widget_type=\"text-editor.default\">\n\t\t\t\t\t\t\t\t\t<p>S\u00f3lo v\u00e1lido a trav\u00e9s de nuestra Central de Reservas, por correo electr\u00f3nico al <a href=\"mailto:reservas@rederiohoteis.com\">reservas@rederiohoteis.com<\/a> o por el tel\u00e9fono <a href=\"tel:+552132318031\">+55 (21) 3231-8031<\/a>.<\/p>\t\t\t\t\t\t\t\t<\/div>\n\t\t\t\t<div class=\"elementor-element elementor-element-973bad4 elementor-widget elementor-widget-heading\" data-id=\"973bad4\" data-element_type=\"widget\" data-widget_type=\"heading.default\">\n\t\t\t\t\t<h3 class=\"elementor-heading-title elementor-size-default\">Condiciones:<\/h3>\t\t\t\t<\/div>\n\t\t\t\t<div class=\"elementor-element elementor-element-abc5c7b elementor-widget elementor-widget-text-editor\" data-id=\"abc5c7b\" data-element_type=\"widget\" data-widget_type=\"text-editor.default\">\n\t\t\t\t\t\t\t\t\t<ul><li>No acumulable a otras ofertas y promociones;<\/li><li>Sujeto a disponibilidad;<\/li><li>El pago total en el momento de efectuar la reserva;<\/li><li>No reembolsable;<\/li><li>No es v\u00e1lido para eventos o fechas especiales.<\/li><\/ul>\t\t\t\t\t\t\t\t<\/div>\n\t\t\t\t<div class=\"elementor-element elementor-element-bcb8d99 elementor-widget elementor-widget-heading\" data-id=\"bcb8d99\" data-element_type=\"widget\" data-widget_type=\"heading.default\">\n\t\t\t\t\t<h3 class=\"elementor-heading-title elementor-size-default\">S\u00f3lo Es V\u00e1lido Para Las Unidades:<\/h3>\t\t\t\t<\/div>\n\t\t\t\t<div class=\"elementor-element elementor-element-5d49b15 elementor-widget elementor-widget-text-editor\" data-id=\"5d49b15\" data-element_type=\"widget\" data-widget_type=\"text-editor.default\">\n\t\t\t\t\t\t\t\t\t<p>Arosa, Gamboa y Pompeu.<\/p>\t\t\t\t\t\t\t\t<\/div>\n\t\t\t\t\t<\/div>\n\t\t\t\t<\/div>\n\t\t\t\t<\/div>\n\t\t","protected":false},"excerpt":{"rendered":"<p>Aproveche la mejor edad para visitar la Ciudad Maravillosa. Si tiene m\u00e1s de 60 a\u00f1os aproveche esta promoci\u00f3n. Nuestros hoteles quedan en el centro de Rio, pr\u00f3ximo a los principales puntos tur\u00edsticos de la ciudad y est\u00e1n prontos para recibirlos. Disfrutes de nuestras instalaciones con confort y seguridad por tan s\u00f3lo R$112,00 Consulte Nuestros Packs [&hellip;]<\/p>\n","protected":false},"author":2,"featured_media":0,"parent":0,"menu_order":20,"comment_status":"closed","ping_status":"closed","template":"","meta":{"footnotes":""},"class_list":["post-1905","page","type-page","status-publish","hentry"],"blocksy_meta":{"vertical_spacing_source":"custom","content_area_spacing":"none","styles_descriptor":{"styles":{"desktop":"","tablet":"","mobile":""},"google_fonts":[],"version":6}},"_links":{"self":[{"href":"https:\/\/rederiohoteis.com\/es\/wp-json\/wp\/v2\/pages\/1905","targetHints":{"allow":["GET"]}}],"collection":[{"href":"https:\/\/rederiohoteis.com\/es\/wp-json\/wp\/v2\/pages"}],"about":[{"href":"https:\/\/rederiohoteis.com\/es\/wp-json\/wp\/v2\/types\/page"}],"author":[{"embeddable":true,"href":"https:\/\/rederiohoteis.com\/es\/wp-json\/wp\/v2\/users\/2"}],"replies":[{"embeddable":true,"href":"https:\/\/rederiohoteis.com\/es\/wp-json\/wp\/v2\/comments?post=1905"}],"version-history":[{"count":0,"href":"https:\/\/rederiohoteis.com\/es\/wp-json\/wp\/v2\/pages\/1905\/revisions"}],"wp:attachment":[{"href":"https:\/\/rederiohoteis.com\/es\/wp-json\/wp\/v2\/media?parent=1905"}],"curies":[{"name":"wp","href":"https:\/\/api.w.org\/{rel}","templated":true}]}}