{"id":1892,"date":"2023-05-16T22:08:30","date_gmt":"2023-05-17T01:08:30","guid":{"rendered":"https:\/\/rederiohoteis.com\/agente-de-viaje\/"},"modified":"2023-05-19T16:47:53","modified_gmt":"2023-05-19T19:47:53","slug":"agentes-de-viaje","status":"publish","type":"page","link":"https:\/\/rederiohoteis.com\/es\/agentes-de-viaje\/","title":{"rendered":"Agentes de Viaje"},"content":{"rendered":"\t\t<div data-elementor-type=\"wp-page\" data-elementor-id=\"1892\" class=\"elementor elementor-1892 elementor-1100\" data-elementor-post-type=\"page\">\n\t\t\t\t<div class=\"elementor-element elementor-element-a587f44 e-flex e-con-boxed e-con e-parent\" data-id=\"a587f44\" data-element_type=\"container\" data-settings=\"{&quot;background_background&quot;:&quot;classic&quot;}\">\n\t\t\t\t\t<div class=\"e-con-inner\">\n\t\t\t\t<div class=\"elementor-element elementor-element-362ba5c elementor-widget elementor-widget-heading\" data-id=\"362ba5c\" data-element_type=\"widget\" data-widget_type=\"heading.default\">\n\t\t\t\t\t<h1 class=\"elementor-heading-title elementor-size-default\">Agentes de Viaje<\/h1>\t\t\t\t<\/div>\n\t\t\t\t<div class=\"elementor-element elementor-element-477c67a elementor-widget-divider--view-line elementor-widget elementor-widget-divider\" data-id=\"477c67a\" data-element_type=\"widget\" data-widget_type=\"divider.default\">\n\t\t\t\t\t\t\t<div class=\"elementor-divider\">\n\t\t\t<span class=\"elementor-divider-separator\">\n\t\t\t\t\t\t<\/span>\n\t\t<\/div>\n\t\t\t\t\t\t<\/div>\n\t\t\t\t\t<\/div>\n\t\t\t\t<\/div>\n\t\t<div class=\"elementor-element elementor-element-ffc242d e-flex e-con-boxed e-con e-parent\" data-id=\"ffc242d\" data-element_type=\"container\">\n\t\t\t\t\t<div class=\"e-con-inner\">\n\t\t\t\t<div class=\"elementor-element elementor-element-fbe9ddb elementor-widget elementor-widget-text-editor\" data-id=\"fbe9ddb\" data-element_type=\"widget\" data-widget_type=\"text-editor.default\">\n\t\t\t\t\t\t\t\t\t<p>Agentes de viajes son nuestros invitados especiales. Aproveche nuestras condiciones a partir de R$126,00.<\/p>\t\t\t\t\t\t\t\t<\/div>\n\t\t\t\t<div class=\"elementor-element elementor-element-71d498f elementor-widget elementor-widget-heading\" data-id=\"71d498f\" data-element_type=\"widget\" data-widget_type=\"heading.default\">\n\t\t\t\t\t<h3 class=\"elementor-heading-title elementor-size-default\">Consulte nuestros packs para agentes de viaje:<\/h3>\t\t\t\t<\/div>\n\t\t\t\t<div class=\"elementor-element elementor-element-f4047f7 elementor-widget elementor-widget-text-editor\" data-id=\"f4047f7\" data-element_type=\"widget\" data-widget_type=\"text-editor.default\">\n\t\t\t\t\t\t\t\t\t<p>S\u00f3lo v\u00e1lido a trav\u00e9s de nuestra Central de Reservas, por correo electr\u00f3nico al <a href=\"mailto:reservas@rederiohoteis.com\">reservas@rederiohoteis.com<\/a> o por el tel\u00e9fono <a href=\"tel:+552132318031\">+55 (21) 3231-8031<\/a>.<\/p>\t\t\t\t\t\t\t\t<\/div>\n\t\t\t\t<div class=\"elementor-element elementor-element-973bad4 elementor-widget elementor-widget-heading\" data-id=\"973bad4\" data-element_type=\"widget\" data-widget_type=\"heading.default\">\n\t\t\t\t\t<h3 class=\"elementor-heading-title elementor-size-default\">Condiciones:<\/h3>\t\t\t\t<\/div>\n\t\t\t\t<div class=\"elementor-element elementor-element-abc5c7b elementor-widget elementor-widget-text-editor\" data-id=\"abc5c7b\" data-element_type=\"widget\" data-widget_type=\"text-editor.default\">\n\t\t\t\t\t\t\t\t\t<ul><li>La solicitaci\u00f3n debe ser realizada desde el email corporativo del agente, para comprovar v\u00ednculo con la empresa;<\/li><li>S\u00f3lo ser\u00e1n permitidas reservas en las que el agente sea uno de los hu\u00e9spedes;<\/li><li>No acumulable a otras ofertas y promociones;<\/li><li>Sujeto a disponibilidad;<\/li><li>Reservas con plazo m\u00ednimo de 48h de antecedencia;<\/li><li>El pago total en el momento de efectuar la reserva;<\/li><li>No reembolsable;<\/li><li>No es v\u00e1lido para eventos o fechas especiales.<\/li><\/ul>\t\t\t\t\t\t\t\t<\/div>\n\t\t\t\t<div class=\"elementor-element elementor-element-bcb8d99 elementor-widget elementor-widget-heading\" data-id=\"bcb8d99\" data-element_type=\"widget\" data-widget_type=\"heading.default\">\n\t\t\t\t\t<h3 class=\"elementor-heading-title elementor-size-default\">S\u00f3lo Es V\u00e1lido Para Las Unidades:<\/h3>\t\t\t\t<\/div>\n\t\t\t\t<div class=\"elementor-element elementor-element-5d49b15 elementor-widget elementor-widget-text-editor\" data-id=\"5d49b15\" data-element_type=\"widget\" data-widget_type=\"text-editor.default\">\n\t\t\t\t\t\t\t\t\t<p>Arosa, Gamboa y Pompeu.<\/p>\t\t\t\t\t\t\t\t<\/div>\n\t\t\t\t\t<\/div>\n\t\t\t\t<\/div>\n\t\t\t\t<\/div>\n\t\t","protected":false},"excerpt":{"rendered":"<p>Agentes de viajes son nuestros invitados especiales. Aproveche nuestras condiciones a partir de R$126,00. Consulte nuestros packs para agentes de viaje: S\u00f3lo v\u00e1lido a trav\u00e9s de nuestra Central de Reservas, por correo electr\u00f3nico al reservas@rederiohoteis.com o por el tel\u00e9fono +55 (21) 3231-8031. Condiciones: La solicitaci\u00f3n debe ser realizada desde el email corporativo del agente, para [&hellip;]<\/p>\n","protected":false},"author":2,"featured_media":0,"parent":0,"menu_order":18,"comment_status":"closed","ping_status":"closed","template":"","meta":{"footnotes":""},"class_list":["post-1892","page","type-page","status-publish","hentry"],"blocksy_meta":{"vertical_spacing_source":"custom","content_area_spacing":"none","styles_descriptor":{"styles":{"desktop":"","tablet":"","mobile":""},"google_fonts":[],"version":6}},"_links":{"self":[{"href":"https:\/\/rederiohoteis.com\/es\/wp-json\/wp\/v2\/pages\/1892","targetHints":{"allow":["GET"]}}],"collection":[{"href":"https:\/\/rederiohoteis.com\/es\/wp-json\/wp\/v2\/pages"}],"about":[{"href":"https:\/\/rederiohoteis.com\/es\/wp-json\/wp\/v2\/types\/page"}],"author":[{"embeddable":true,"href":"https:\/\/rederiohoteis.com\/es\/wp-json\/wp\/v2\/users\/2"}],"replies":[{"embeddable":true,"href":"https:\/\/rederiohoteis.com\/es\/wp-json\/wp\/v2\/comments?post=1892"}],"version-history":[{"count":0,"href":"https:\/\/rederiohoteis.com\/es\/wp-json\/wp\/v2\/pages\/1892\/revisions"}],"wp:attachment":[{"href":"https:\/\/rederiohoteis.com\/es\/wp-json\/wp\/v2\/media?parent=1892"}],"curies":[{"name":"wp","href":"https:\/\/api.w.org\/{rel}","templated":true}]}}